{"id":517,"date":"2026-04-24T10:55:53","date_gmt":"2026-04-24T08:55:53","guid":{"rendered":"https:\/\/restauranteelbobo.es\/?page_id=517"},"modified":"2026-04-24T10:55:53","modified_gmt":"2026-04-24T08:55:53","slug":"politica-de-cookies","status":"publish","type":"page","link":"https:\/\/restauranteelbobo.es\/en\/politica-de-cookies\/","title":{"rendered":"Pol\u00edtica de Cookies"},"content":{"rendered":"<div class=\"et_pb_section_0 et_pb_section et_section_regular et_flex_section\">\n<div class=\"et_pb_row_0 et_pb_row et_flex_row\">\n<div class=\"et_pb_column_0 et_pb_column et-last-child et_flex_column et_pb_css_mix_blend_mode_passthrough et_flex_column_24_24 et_flex_column_24_24_tablet et_flex_column_24_24_phone\">\n<div class=\"et_pb_heading_0 et_pb_heading et_pb_module et_flex_module\"><div class=\"et_pb_heading_container\"><h1 class=\"et_pb_module_header\">Pol\u00edtica de Cookies<\/h1><\/div><\/div>\n\n<div class=\"et_pb_text_0 et_pb_text et_pb_bg_layout_light et_pb_module et_flex_module\"><div class=\"et_pb_text_inner\"><p class=\"font-claude-response-body break-words whitespace-normal leading-[1.7]\">La mera visita de nuestra web no supone que nos est\u00e9s facilitando dato personal alguno ni est\u00e1s obligado a ello. Sin embargo, para poder funcionar correctamente y ofrecerte un mejor servicio, Restaurante El Bobo hace uso de diferentes cookies.<\/p>\n<p class=\"font-claude-response-body break-words whitespace-normal leading-[1.7]\"><strong>1. \u00bfQU\u00c9 ES UNA COOKIE?<\/strong><\/p>\n<p class=\"font-claude-response-body break-words whitespace-normal leading-[1.7]\">Entendemos por cookies el conjunto de caracteres que se almacenan en el disco duro o en la memoria temporal del ordenador de un usuario cuando accede a las p\u00e1ginas de determinados sitios web.<\/p>\n<p class=\"font-claude-response-body break-words whitespace-normal leading-[1.7]\"><strong>2. \u00bfQU\u00c9 TIPOS DE COOKIES EXISTEN?<\/strong><\/p>\n<p class=\"font-claude-response-body break-words whitespace-normal leading-[1.7]\">\u2014 <strong>Cookies t\u00e9cnicas:<\/strong> permiten la navegaci\u00f3n a trav\u00e9s de la web y el uso de sus diferentes opciones y servicios.<\/p>\n<p class=\"font-claude-response-body break-words whitespace-normal leading-[1.7]\">\u2014 <strong>Cookies de personalizaci\u00f3n:<\/strong> permiten al usuario acceder al servicio con caracter\u00edsticas predefinidas como idioma, navegador o configuraci\u00f3n regional.<\/p>\n<p class=\"font-claude-response-body break-words whitespace-normal leading-[1.7]\">\u2014 <strong>Cookies de an\u00e1lisis:<\/strong> permiten el seguimiento y an\u00e1lisis del comportamiento de los usuarios con el fin de introducir mejoras en el servicio.<\/p>\n<p class=\"font-claude-response-body break-words whitespace-normal leading-[1.7]\">\u2014 <strong>Cookies publicitarias:<\/strong> permiten gestionar los espacios publicitarios en base al contenido o la frecuencia de los anuncios.<\/p>\n<p class=\"font-claude-response-body break-words whitespace-normal leading-[1.7]\">\u2014 <strong>Cookies de publicidad comportamental:<\/strong> almacenan informaci\u00f3n sobre los h\u00e1bitos de navegaci\u00f3n del usuario para mostrar publicidad personalizada.<\/p>\n<p class=\"font-claude-response-body break-words whitespace-normal leading-[1.7]\"><strong>3. \u00bfQU\u00c9 NIVEL DE INTRUSI\u00d3N PRODUCEN?<\/strong><\/p>\n<p class=\"font-claude-response-body break-words whitespace-normal leading-[1.7]\">\u2014 <strong>Nivel 1 \u2014 No intrusivas:<\/strong> cookies de sesi\u00f3n, carrito de compra y preferencias de visualizaci\u00f3n. Su bloqueo impedir\u00eda usar los servicios solicitados.<\/p>\n<p class=\"font-claude-response-body break-words whitespace-normal leading-[1.7]\">\u2014 <strong>Nivel 2 \u2014 M\u00ednimamente intrusivas:<\/strong> cookies de an\u00e1lisis y estad\u00edsticas, como las de Google Analytics.<\/p>\n<p class=\"font-claude-response-body break-words whitespace-normal leading-[1.7]\">\u2014 <strong>Nivel 3 \u2014 Moderadamente intrusivas:<\/strong> cookies de terceros para publicidad o redes sociales. Requieren autorizaci\u00f3n expresa del usuario.<\/p>\n<p class=\"font-claude-response-body break-words whitespace-normal leading-[1.7]\"><strong>4. \u00bfQU\u00c9 COOKIES RECOGE NUESTRA WEB?<\/strong><\/p>\n<p class=\"font-claude-response-body break-words whitespace-normal leading-[1.7]\">A continuaci\u00f3n se detalla el listado de cookies generadas por <a class=\"underline underline underline-offset-2 decoration-1 decoration-current\/40 hover:decoration-current focus:decoration-current\" href=\"http:\/\/www.restauranteelbobo.es\">www.restauranteelbobo.es<\/a>:<\/p>\n<p class=\"font-claude-response-body break-words whitespace-normal leading-[1.7]\"><strong>CONSENT<\/strong> Tipo: Cookie anal\u00edtica de terceros \u00b7 Google Analytics Duraci\u00f3n: 20 a\u00f1os<\/p>\n<p class=\"font-claude-response-body break-words whitespace-normal leading-[1.7]\"><strong>NID<\/strong> Tipo: Cookie anal\u00edtica de terceros \u00b7 Google Analytics Duraci\u00f3n: 6 meses<\/p>\n<p class=\"font-claude-response-body break-words whitespace-normal leading-[1.7]\"><strong>_ga<\/strong> Tipo: Cookie anal\u00edtica de terceros \u00b7 Google Analytics Duraci\u00f3n: 2 a\u00f1os<\/p>\n<p class=\"font-claude-response-body break-words whitespace-normal leading-[1.7]\"><strong>_gat<\/strong> Tipo: Cookie anal\u00edtica de terceros \u00b7 Google Analytics Duraci\u00f3n: 1 minuto<\/p>\n<p class=\"font-claude-response-body break-words whitespace-normal leading-[1.7]\"><strong>_gid<\/strong> Tipo: Cookie anal\u00edtica de terceros \u00b7 Google Analytics Duraci\u00f3n: 24 horas<\/p>\n<p class=\"font-claude-response-body break-words whitespace-normal leading-[1.7]\"><strong>1P_JAR<\/strong> Tipo: Cookie anal\u00edtica de terceros \u00b7 Google Analytics Duraci\u00f3n: 1 mes<\/p>\n<p class=\"font-claude-response-body break-words whitespace-normal leading-[1.7]\"><strong>gdpr[consent_types] \/ gdpr[allowed_cookies]<\/strong> Tipo: Cookie propia de preferencias Duraci\u00f3n: 1 a\u00f1o \u00b7 Recuerda las preferencias de cookies del usuario<\/p>\n<p class=\"font-claude-response-body break-words whitespace-normal leading-[1.7]\"><strong>5. \u00bfPUEDO CONFIGURAR EL NAVEGADOR PARA IMPEDIR LA INSTALACI\u00d3N DE COOKIES?<\/strong><\/p>\n<p class=\"font-claude-response-body break-words whitespace-normal leading-[1.7]\">S\u00ed. Puedes configurar tu navegador para ser avisado de la recepci\u00f3n de cookies o para impedir su instalaci\u00f3n, aunque esto puede afectar al funcionamiento de algunas partes de la web. Las instrucciones var\u00edan seg\u00fan el navegador:<\/p>\n<p class=\"font-claude-response-body break-words whitespace-pre-wrap leading-[1.7]\">\u2014 Google Chrome<\/p>\n<p class=\"font-claude-response-body break-words whitespace-pre-wrap leading-[1.7]\">\u2014 Firefox<\/p>\n<p class=\"font-claude-response-body break-words whitespace-pre-wrap leading-[1.7]\">\u2014 Internet Explorer<\/p>\n<p class=\"font-claude-response-body break-words whitespace-pre-wrap leading-[1.7]\">\u2014 Opera<\/p>\n<p class=\"font-claude-response-body break-words whitespace-pre-wrap leading-[1.7]\">\u2014 Safari<\/p>\n<p class=\"font-claude-response-body break-words whitespace-normal leading-[1.7]\">Para m\u00e1s informaci\u00f3n sobre las cookies de Google Analytics: <a class=\"underline underline underline-offset-2 decoration-1 decoration-current\/40 hover:decoration-current focus:decoration-current\" href=\"https:\/\/www.google.es\/intl\/es\/policies\/technologies\/types\/\" target=\"_blank\" rel=\"noopener\">https:\/\/www.google.es\/intl\/es\/policies\/technologies\/types\/<\/a><\/p>\n<p class=\"font-claude-response-body break-words whitespace-normal leading-[1.7]\"><strong>6. SOBRE LOS ENLACES A OTRAS WEBS<\/strong><\/p>\n<p class=\"font-claude-response-body break-words whitespace-normal leading-[1.7]\">Las cookies activadas por redes sociales externas se generan \u00fanicamente para los usuarios de dichas plataformas y se regulan por su propia pol\u00edtica de privacidad, no por la presente.<\/p>\n<\/div><\/div>\n<\/div>\n<\/div>\n<\/div>","protected":false},"excerpt":{"rendered":"","protected":false},"author":1,"featured_media":0,"parent":0,"menu_order":0,"comment_status":"closed","ping_status":"closed","template":"","meta":{"footnotes":""},"class_list":["post-517","page","type-page","status-publish","hentry"],"_links":{"self":[{"href":"https:\/\/restauranteelbobo.es\/en\/wp-json\/wp\/v2\/pages\/517","targetHints":{"allow":["GET"]}}],"collection":[{"href":"https:\/\/restauranteelbobo.es\/en\/wp-json\/wp\/v2\/pages"}],"about":[{"href":"https:\/\/restauranteelbobo.es\/en\/wp-json\/wp\/v2\/types\/page"}],"author":[{"embeddable":true,"href":"https:\/\/restauranteelbobo.es\/en\/wp-json\/wp\/v2\/users\/1"}],"replies":[{"embeddable":true,"href":"https:\/\/restauranteelbobo.es\/en\/wp-json\/wp\/v2\/comments?post=517"}],"version-history":[{"count":3,"href":"https:\/\/restauranteelbobo.es\/en\/wp-json\/wp\/v2\/pages\/517\/revisions"}],"predecessor-version":[{"id":521,"href":"https:\/\/restauranteelbobo.es\/en\/wp-json\/wp\/v2\/pages\/517\/revisions\/521"}],"wp:attachment":[{"href":"https:\/\/restauranteelbobo.es\/en\/wp-json\/wp\/v2\/media?parent=517"}],"curies":[{"name":"wp","href":"https:\/\/api.w.org\/{rel}","templated":true}]}}