{"id":44,"date":"2026-02-24T12:08:44","date_gmt":"2026-02-24T11:08:44","guid":{"rendered":"https:\/\/restauranteelbobo.es\/?page_id=44"},"modified":"2026-04-24T10:57:19","modified_gmt":"2026-04-24T08:57:19","slug":"politica-de-privacidad","status":"publish","type":"page","link":"https:\/\/restauranteelbobo.es\/en\/politica-de-privacidad\/","title":{"rendered":"Pol\u00edtica de Privacidad"},"content":{"rendered":"<div class=\"et_pb_section_0 et_pb_section et_section_regular et_flex_section\">\n<div class=\"et_pb_row_0 et_pb_row et_flex_row\">\n<div class=\"et_pb_column_0 et_pb_column et-last-child et_flex_column et_pb_css_mix_blend_mode_passthrough et_flex_column_24_24 et_flex_column_24_24_tablet et_flex_column_24_24_phone\">\n<div class=\"et_pb_heading_0 et_pb_heading et_pb_module et_flex_module\"><div class=\"et_pb_heading_container\"><h1 class=\"et_pb_module_header\">Pol\u00edtica de Privacidad<\/h1><\/div><\/div>\n\n<div class=\"et_pb_text_0 et_pb_text et_pb_bg_layout_light et_pb_module et_flex_module\"><div class=\"et_pb_text_inner\"><p class=\"font-claude-response-body break-words whitespace-normal leading-[1.7]\">Desde Restaurante El Bobo estamos comprometidos con la defensa de los derechos de protecci\u00f3n de datos personales de nuestros clientes y contactos. Esta pol\u00edtica tiene como fin informarte del uso de tus datos antes de que los facilites, de las medidas que garantizan su seguridad y de tus derechos al respecto.<\/p>\n<p class=\"font-claude-response-body break-words whitespace-normal leading-[1.7]\">Todo ello en cumplimiento del Reglamento Europeo de Protecci\u00f3n de Datos (RGPD) y la normativa espa\u00f1ola aplicable.<\/p>\n<p class=\"font-claude-response-body break-words whitespace-normal leading-[1.7]\"><strong><\/strong><\/p>\n<p class=\"font-claude-response-body break-words whitespace-normal leading-[1.7]\"><strong>1. \u00bfQUI\u00c9N ES EL RESPONSABLE DEL TRATAMIENTO DE TUS DATOS?<\/strong><\/p>\n<p class=\"font-claude-response-body break-words whitespace-normal leading-[1.7]\">Nombre: Restaurante El Bobo S.L.<\/p>\n<p class=\"font-claude-response-body break-words whitespace-normal leading-[1.7]\">Direcci\u00f3n: Calle Jos\u00e9 Ballester Gozalvo, Paseo Mar\u00edtimo. Playa, 32 - 46011 Val\u00e8ncia, Valencia \u2013 Espa\u00f1a<\/p>\n<p class=\"font-claude-response-body break-words whitespace-normal leading-[1.7]\">Tel\u00e9fono: +34 963 550 212<\/p>\n<p class=\"font-claude-response-body break-words whitespace-normal leading-[1.7]\">Email: <a class=\"underline underline underline-offset-2 decoration-1 decoration-current\/40 hover:decoration-current focus:decoration-current\" href=\"mailto:restauranteelbobo@hotmail.com\">restauranteelbobo@hotmail.com<\/a><\/p>\n<p class=\"font-claude-response-body break-words whitespace-normal leading-[1.7]\"><strong><\/strong><\/p>\n<p class=\"font-claude-response-body break-words whitespace-normal leading-[1.7]\"><strong>2. \u00bfCU\u00c1L ES LA FINALIDAD DEL TRATAMIENTO DE TUS DATOS?<\/strong><\/p>\n<p class=\"font-claude-response-body break-words whitespace-normal leading-[1.7]\">Los datos recogidos a trav\u00e9s de los formularios de la web se utilizan para ofrecerte la informaci\u00f3n que nos solicites sobre nuestros servicios, as\u00ed como para atender cualquier consulta relacionada con nuestra actividad.<\/p>\n<p class=\"font-claude-response-body break-words whitespace-normal leading-[1.7]\"><strong><\/strong><\/p>\n<p class=\"font-claude-response-body break-words whitespace-normal leading-[1.7]\"><strong>3. \u00bfPOR CU\u00c1NTO TIEMPO CONSERVAREMOS TUS DATOS?<\/strong><\/p>\n<p class=\"font-claude-response-body break-words whitespace-normal leading-[1.7]\">Los datos personales recogidos a trav\u00e9s de los formularios se conservar\u00e1n durante el tiempo que dure tu relaci\u00f3n con nosotros. Una vez finalizada, se mantendr\u00e1n bloqueados exclusivamente para cumplir con las obligaciones legales aplicables.<\/p>\n<p class=\"font-claude-response-body break-words whitespace-normal leading-[1.7]\"><strong><\/strong><\/p>\n<p class=\"font-claude-response-body break-words whitespace-normal leading-[1.7]\"><strong>4. \u00bfCU\u00c1L ES LA LEGITIMACI\u00d3N PARA EL TRATAMIENTO DE TUS DATOS?<\/strong><\/p>\n<p class=\"font-claude-response-body break-words whitespace-normal leading-[1.7]\">Tratamos tus datos porque nos has proporcionado tu consentimiento expreso para hacerlo, mediante la activaci\u00f3n de la casilla \"He le\u00eddo y acepto la pol\u00edtica de privacidad\".<\/p>\n<p class=\"font-claude-response-body break-words whitespace-normal leading-[1.7]\"><strong><\/strong><\/p>\n<p class=\"font-claude-response-body break-words whitespace-normal leading-[1.7]\"><strong>5. \u00bfSE COMUNICAN TUS DATOS A OTROS DESTINATARIOS?<\/strong><\/p>\n<p class=\"font-claude-response-body break-words whitespace-normal leading-[1.7]\">Los datos que introduces en la web no ser\u00e1n comunicados a otras entidades, salvo por imperativo legal o para dar cumplimiento al objeto para el cual fueron facilitados. Tus datos no salen del territorio espa\u00f1ol.<\/p>\n<p class=\"font-claude-response-body break-words whitespace-normal leading-[1.7]\"><strong><\/strong><\/p>\n<p class=\"font-claude-response-body break-words whitespace-normal leading-[1.7]\"><strong>6. \u00bfQU\u00c9 DERECHOS TIENES AL FACILITARNOS TUS DATOS?<\/strong><\/p>\n<p class=\"font-claude-response-body break-words whitespace-normal leading-[1.7]\">\u2014 <strong>Derecho de informaci\u00f3n:<\/strong> a ser informado de forma clara sobre qu\u00e9 datos se tratan y con qu\u00e9 finalidad.<\/p>\n<p class=\"font-claude-response-body break-words whitespace-normal leading-[1.7]\">\u2014 <strong>Derecho de acceso:<\/strong> a conocer qu\u00e9 datos tuyos est\u00e1n siendo tratados.<\/p>\n<p class=\"font-claude-response-body break-words whitespace-normal leading-[1.7]\">\u2014 <strong>Derecho de rectificaci\u00f3n:<\/strong> a modificar datos inexactos o incompletos.<\/p>\n<p class=\"font-claude-response-body break-words whitespace-normal leading-[1.7]\">\u2014 <strong>Derecho de cancelaci\u00f3n:<\/strong> a cancelar datos inadecuados o excesivos.<\/p>\n<p class=\"font-claude-response-body break-words whitespace-normal leading-[1.7]\">\u2014 <strong>Derecho de oposici\u00f3n:<\/strong> a evitar que se traten tus datos en los supuestos que establece la ley.<\/p>\n<p class=\"font-claude-response-body break-words whitespace-normal leading-[1.7]\">\u2014 <strong>Derecho de limitaci\u00f3n del tratamiento:<\/strong> a solicitar la suspensi\u00f3n del tratamiento en los supuestos legalmente previstos.<\/p>\n<p class=\"font-claude-response-body break-words whitespace-normal leading-[1.7]\">\u2014 <strong>Derecho a la portabilidad:<\/strong> a recibir tus datos en un formato electr\u00f3nico estructurado y transmitirlos a otro responsable.<\/p>\n<p class=\"font-claude-response-body break-words whitespace-normal leading-[1.7]\">\u2014 <strong>Derecho a no ser objeto de decisiones individualizadas:<\/strong> a que no se tome ninguna decisi\u00f3n sobre ti basada \u00fanicamente en el tratamiento automatizado de tus datos.<\/p>\n<p class=\"font-claude-response-body break-words whitespace-normal leading-[1.7]\">\n<p class=\"font-claude-response-body break-words whitespace-normal leading-[1.7]\"><strong>7. \u00bfC\u00d3MO PUEDES EJERCITAR TUS DERECHOS?<\/strong><\/p>\n<p class=\"font-claude-response-body break-words whitespace-normal leading-[1.7]\">Para ejercer cualquiera de tus derechos deber\u00e1s solicitarlo al email <a class=\"underline underline underline-offset-2 decoration-1 decoration-current\/40 hover:decoration-current focus:decoration-current\" href=\"mailto:info@restauranteelbobo.es\">info@restauranteelbobo.es<\/a> incluyendo:<\/p>\n<p class=\"font-claude-response-body break-words whitespace-pre-wrap leading-[1.7]\">\u2014 Fotocopia del DNI, pasaporte u otro documento de identidad.<\/p>\n<p class=\"font-claude-response-body break-words whitespace-pre-wrap leading-[1.7]\">\u2014 Contenido de la petici\u00f3n y, si fuera necesario, documentos que la acrediten.<\/p>\n<p class=\"font-claude-response-body break-words whitespace-pre-wrap leading-[1.7]\">\u2014 Direcci\u00f3n a efectos de notificaciones, fecha y firma.<\/p>\n<p class=\"font-claude-response-body break-words whitespace-pre-wrap leading-[1.7]\">\n<p class=\"font-claude-response-body break-words whitespace-normal leading-[1.7]\"><strong>8. \u00bfQU\u00c9 PUEDES HACER SI TUS DERECHOS NO HAN SIDO ATENDIDOS?<\/strong><\/p>\n<p class=\"font-claude-response-body break-words whitespace-normal leading-[1.7]\">Puedes presentar una reclamaci\u00f3n ante la Agencia Espa\u00f1ola de Protecci\u00f3n de Datos en: <a class=\"underline underline underline-offset-2 decoration-1 decoration-current\/40 hover:decoration-current focus:decoration-current\" href=\"https:\/\/sedeagpd.gob.es\" target=\"_blank\" rel=\"noopener\">https:\/\/sedeagpd.gob.es<\/a><\/p>\n<p class=\"font-claude-response-body break-words whitespace-normal leading-[1.7]\"><strong><\/strong><\/p>\n<p class=\"font-claude-response-body break-words whitespace-normal leading-[1.7]\"><strong>9. ENLACES A OTRAS WEBS<\/strong><\/p>\n<p class=\"font-claude-response-body break-words whitespace-normal leading-[1.7]\">Esta pol\u00edtica de privacidad se aplica \u00fanicamente a los datos recabados a trav\u00e9s de nuestra web. Los enlaces a otras p\u00e1ginas web son responsabilidad de sus respectivos titulares, por lo que te recomendamos leer sus pol\u00edticas de privacidad antes de facilitar datos personales.<\/p>\n<\/div><\/div>\n<\/div>\n<\/div>\n<\/div>","protected":false},"excerpt":{"rendered":"","protected":false},"author":1,"featured_media":0,"parent":0,"menu_order":0,"comment_status":"closed","ping_status":"closed","template":"","meta":{"footnotes":""},"class_list":["post-44","page","type-page","status-publish","hentry"],"_links":{"self":[{"href":"https:\/\/restauranteelbobo.es\/en\/wp-json\/wp\/v2\/pages\/44","targetHints":{"allow":["GET"]}}],"collection":[{"href":"https:\/\/restauranteelbobo.es\/en\/wp-json\/wp\/v2\/pages"}],"about":[{"href":"https:\/\/restauranteelbobo.es\/en\/wp-json\/wp\/v2\/types\/page"}],"author":[{"embeddable":true,"href":"https:\/\/restauranteelbobo.es\/en\/wp-json\/wp\/v2\/users\/1"}],"replies":[{"embeddable":true,"href":"https:\/\/restauranteelbobo.es\/en\/wp-json\/wp\/v2\/comments?post=44"}],"version-history":[{"count":7,"href":"https:\/\/restauranteelbobo.es\/en\/wp-json\/wp\/v2\/pages\/44\/revisions"}],"predecessor-version":[{"id":522,"href":"https:\/\/restauranteelbobo.es\/en\/wp-json\/wp\/v2\/pages\/44\/revisions\/522"}],"wp:attachment":[{"href":"https:\/\/restauranteelbobo.es\/en\/wp-json\/wp\/v2\/media?parent=44"}],"curies":[{"name":"wp","href":"https:\/\/api.w.org\/{rel}","templated":true}]}}