{"id":36,"date":"2026-02-24T12:07:41","date_gmt":"2026-02-24T11:07:41","guid":{"rendered":"https:\/\/restauranteelbobo.es\/?page_id=36"},"modified":"2026-04-23T18:20:00","modified_gmt":"2026-04-23T16:20:00","slug":"restaurante","status":"publish","type":"page","link":"https:\/\/restauranteelbobo.es\/en\/restaurante\/","title":{"rendered":"Restaurant"},"content":{"rendered":"<div class=\"et_pb_section_0 et_pb_section et_section_regular et_flex_section\">\n<div class=\"et_pb_row_0 et_pb_row et_flex_row\">\n<div class=\"et_pb_column_0 et_pb_column et-last-child et_flex_column et_pb_css_mix_blend_mode_passthrough et_flex_column_24_24 et_flex_column_24_24_tablet et_flex_column_24_24_phone\">\n<div class=\"et_pb_heading_0 et_pb_heading et_pb_module et_flex_module\"><div class=\"et_pb_heading_container\"><h1 class=\"et_pb_module_header\">Historia e Informaci\u00f3n<\/h1><\/div><\/div>\n\n<div class=\"et_pb_text_0 et_pb_text et_pb_bg_layout_light et_pb_module et_flex_module\"><div class=\"et_pb_text_inner\"><p>Desde 1966, cocinamos con el mismo respeto con el que lo hicieron nuestros padres y abuelos: productos honestos, recetas de siempre y el Mediterr\u00e1neo como horizonte.<\/p>\n<\/div><\/div>\n<\/div>\n<\/div>\n<\/div>\n\n\n\n<div class=\"et_pb_section_2 et_pb_section et_section_regular et_flex_section\">\n<div class=\"et_pb_row_3 et_pb_row et_flex_row\">\n<div class=\"et_pb_column_5 et_pb_column et_flex_column et_pb_css_mix_blend_mode_passthrough et_flex_column_8_24 et_flex_column_8_24_tablet et_flex_column_24_24_phone\">\n<div class=\"et_pb_image_2 et_pb_image et_pb_module et_flex_module\"><span class=\"et_pb_image_wrap\"><img loading=\"lazy\" decoding=\"async\" src=\"https:\/\/restauranteelbobo.es\/wp-content\/uploads\/2026\/04\/restaurante-bobo-valencia-paella-playa.jpg\" title=\"restaurante-bobo-valencia-paella-playa\" width=\"1200\" height=\"1288\" srcset=\"https:\/\/restauranteelbobo.es\/wp-content\/uploads\/2026\/04\/restaurante-bobo-valencia-paella-playa.jpg 1200w, https:\/\/restauranteelbobo.es\/wp-content\/uploads\/2026\/04\/restaurante-bobo-valencia-paella-playa-980x1052.jpg 980w, https:\/\/restauranteelbobo.es\/wp-content\/uploads\/2026\/04\/restaurante-bobo-valencia-paella-playa-480x515.jpg 480w\" sizes=\"(min-width: 0px) and (max-width: 480px) 480px, (min-width: 481px) and (max-width: 980px) 980px, (min-width: 981px) 1200px, 100vw\" class=\"wp-image-377\" \/><\/span><\/div>\n<\/div>\n\n<div class=\"et_pb_column_6 et_pb_column et_flex_column et_pb_css_mix_blend_mode_passthrough et_flex_column_8_24 et_flex_column_8_24_tablet et_flex_column_24_24_phone\">\n<div class=\"et_pb_image_3 et_pb_image et_pb_module et_flex_module\"><span class=\"et_pb_image_wrap\"><img loading=\"lazy\" decoding=\"async\" src=\"https:\/\/restauranteelbobo.es\/wp-content\/uploads\/2026\/04\/PLAYA_RESTAURANTE_EL_BOBO-scaled.jpg\" title=\"PLAYA_RESTAURANTE_EL_BOBO\" width=\"2560\" height=\"1707\" srcset=\"https:\/\/restauranteelbobo.es\/wp-content\/uploads\/2026\/04\/PLAYA_RESTAURANTE_EL_BOBO-scaled.jpg 2560w, https:\/\/restauranteelbobo.es\/wp-content\/uploads\/2026\/04\/PLAYA_RESTAURANTE_EL_BOBO-1280x854.jpg 1280w, https:\/\/restauranteelbobo.es\/wp-content\/uploads\/2026\/04\/PLAYA_RESTAURANTE_EL_BOBO-980x653.jpg 980w, https:\/\/restauranteelbobo.es\/wp-content\/uploads\/2026\/04\/PLAYA_RESTAURANTE_EL_BOBO-480x320.jpg 480w\" sizes=\"(min-width: 0px) and (max-width: 480px) 480px, (min-width: 481px) and (max-width: 980px) 980px, (min-width: 981px) and (max-width: 1280px) 1280px, (min-width: 1281px) 2560px, 100vw\" class=\"wp-image-273\" \/><\/span><\/div>\n<\/div>\n\n<div class=\"et_pb_column_7 et_pb_column et-last-child et_flex_column et_pb_css_mix_blend_mode_passthrough et_flex_column_8_24 et_flex_column_8_24_tablet et_flex_column_24_24_phone\">\n<div class=\"et_pb_image_4 et_pb_image et_pb_module et_flex_module\"><span class=\"et_pb_image_wrap\"><img loading=\"lazy\" decoding=\"async\" src=\"https:\/\/restauranteelbobo.es\/wp-content\/uploads\/2026\/04\/9694bb93-e4da-4857-8c0a-cf5fd376d4c9.jpg\" title=\"9694bb93-e4da-4857-8c0a-cf5fd376d4c9\" width=\"2000\" height=\"1500\" srcset=\"https:\/\/restauranteelbobo.es\/wp-content\/uploads\/2026\/04\/9694bb93-e4da-4857-8c0a-cf5fd376d4c9.jpg 2000w, https:\/\/restauranteelbobo.es\/wp-content\/uploads\/2026\/04\/9694bb93-e4da-4857-8c0a-cf5fd376d4c9-1280x960.jpg 1280w, https:\/\/restauranteelbobo.es\/wp-content\/uploads\/2026\/04\/9694bb93-e4da-4857-8c0a-cf5fd376d4c9-980x735.jpg 980w, https:\/\/restauranteelbobo.es\/wp-content\/uploads\/2026\/04\/9694bb93-e4da-4857-8c0a-cf5fd376d4c9-480x360.jpg 480w\" sizes=\"(min-width: 0px) and (max-width: 480px) 480px, (min-width: 481px) and (max-width: 980px) 980px, (min-width: 981px) and (max-width: 1280px) 1280px, (min-width: 1281px) 2000px, 100vw\" class=\"wp-image-193\" \/><\/span><\/div>\n<\/div>\n<\/div>\n<\/div>\n\n<div class=\"et_pb_section_3 et_pb_section et_section_regular et_flex_section\">\n<div class=\"et_pb_row_4 et_pb_row et_flex_row\">\n<div class=\"et_pb_column_8 et_pb_column et_flex_column et_pb_css_mix_blend_mode_passthrough et_flex_column_2_5 et_flex_column_2_5_tablet et_flex_column_24_24_phone\">\n<div class=\"et_pb_image_5 et_pb_image et_pb_module et_flex_module\"><span class=\"et_pb_image_wrap\"><img loading=\"lazy\" decoding=\"async\" src=\"https:\/\/restauranteelbobo.es\/wp-content\/uploads\/2026\/04\/9e306462-0ece-4cc8-b7f5-a1d3f71a235b.jpg\" title=\"9e306462-0ece-4cc8-b7f5-a1d3f71a235b\" width=\"2000\" height=\"1500\" srcset=\"https:\/\/restauranteelbobo.es\/wp-content\/uploads\/2026\/04\/9e306462-0ece-4cc8-b7f5-a1d3f71a235b.jpg 2000w, https:\/\/restauranteelbobo.es\/wp-content\/uploads\/2026\/04\/9e306462-0ece-4cc8-b7f5-a1d3f71a235b-1280x960.jpg 1280w, https:\/\/restauranteelbobo.es\/wp-content\/uploads\/2026\/04\/9e306462-0ece-4cc8-b7f5-a1d3f71a235b-980x735.jpg 980w, https:\/\/restauranteelbobo.es\/wp-content\/uploads\/2026\/04\/9e306462-0ece-4cc8-b7f5-a1d3f71a235b-480x360.jpg 480w\" sizes=\"(min-width: 0px) and (max-width: 480px) 480px, (min-width: 481px) and (max-width: 980px) 980px, (min-width: 981px) and (max-width: 1280px) 1280px, (min-width: 1281px) 2000px, 100vw\" class=\"wp-image-179\" \/><\/span><\/div>\n<\/div>\n\n<div class=\"et_pb_column_9 et_pb_column et-last-child et_flex_column et_pb_css_mix_blend_mode_passthrough et_flex_column_3_5 et_flex_column_3_5_tablet et_flex_column_24_24_phone\">\n<div class=\"et_pb_heading_3 et_pb_heading et_pb_module et_flex_module\"><div class=\"et_pb_heading_container\"><h1 class=\"et_pb_module_header\">Origenes del restaurante<\/h1><\/div><\/div>\n\n<div class=\"et_pb_text_3 et_pb_text et_pb_bg_layout_light et_pb_module et_flex_module\"><div class=\"et_pb_text_inner\"><p class=\"font-claude-response-body break-words whitespace-normal leading-[1.7]\">El Bobo nace de los merenderos de madera que salpicaban la orilla de la Malvarrosa en otra \u00e9poca. Uno de aquellos merenderos pas\u00f3 a manos de una familia del municipio de Serra, apodada <em>El Bobo<\/em>, y de ah\u00ed viene nuestro nombre.<\/p>\n<p class=\"font-claude-response-body break-words whitespace-normal leading-[1.7]\">Llevamos d\u00e9cadas en el mismo lugar: el Paseo Mar\u00edtimo de Valencia, frente al mar. Aqu\u00ed, con la arena a un paso y la luz del Mediterr\u00e1neo entrando por las ventanas, seguimos cocinando como siempre se ha cocinado en esta tierra, con producto fresco, con t\u00e9cnica y con cari\u00f1o.<\/p>\n<p class=\"font-claude-response-body break-words whitespace-normal leading-[1.7]\">Fundado en 1966, El Bobo es hoy un restaurante renovado en forma pero fiel en esencia. La cocina tradicional mediterr\u00e1nea que nos ense\u00f1aron nuestros padres y abuelos sigue siendo el hilo conductor de todo lo que hacemos.<\/p>\n<\/div><\/div>\n<\/div>\n<\/div>\n\n<div class=\"et_pb_row_5 et_pb_row et_flex_row\">\n<div class=\"et_pb_column_10 et_pb_column et_flex_column et_pb_css_mix_blend_mode_passthrough et_flex_column_2_5 et_flex_column_2_5_tablet et_flex_column_24_24_phone\">\n<div class=\"et_pb_image_6 et_pb_image et_pb_module et_flex_module\"><span class=\"et_pb_image_wrap\"><img loading=\"lazy\" decoding=\"async\" src=\"https:\/\/restauranteelbobo.es\/wp-content\/uploads\/2026\/04\/PLAYA_PAELLA_VERDURAS-4-rotated.jpeg\" title=\"PLAYA_PAELLA_VERDURAS (4)\" width=\"480\" height=\"640\" srcset=\"https:\/\/restauranteelbobo.es\/wp-content\/uploads\/2026\/04\/PLAYA_PAELLA_VERDURAS-4-rotated.jpeg 480w, https:\/\/restauranteelbobo.es\/wp-content\/uploads\/2026\/04\/PLAYA_PAELLA_VERDURAS-4-225x300.jpeg 225w\" sizes=\"(max-width: 480px) 100vw, 480px\" class=\"wp-image-275\" \/><\/span><\/div>\n<\/div>\n\n<div class=\"et_pb_column_11 et_pb_column et-last-child et_flex_column et_pb_css_mix_blend_mode_passthrough et_flex_column_3_5 et_flex_column_3_5_tablet et_flex_column_24_24_phone\">\n<div class=\"et_pb_heading_4 et_pb_heading et_pb_module et_flex_module\"><div class=\"et_pb_heading_container\"><h1 class=\"et_pb_module_header\">Una buena Paella en Valencia<\/h1><\/div><\/div>\n\n<div class=\"et_pb_text_4 et_pb_text et_pb_bg_layout_light et_pb_module et_flex_module\"><div class=\"et_pb_text_inner\"><p class=\"font-claude-response-body break-words whitespace-normal leading-[1.7]\">La paella no se improvisa. Es el resultado de a\u00f1os de pr\u00e1ctica, de entender el fuego, el arroz y, sobre todo, el producto. En El Bobo utilizamos ingredientes de proximidad, verduras de huerta valenciana, carnes y pescados de proveedores locales, porque creemos que una buena paella empieza mucho antes de encender el fuego.<\/p>\n<p class=\"font-claude-response-body break-words whitespace-normal leading-[1.7]\">Trabajamos con agricultores ecol\u00f3gicos de la Comunitat Valenciana que nos abastecen de temporada, apostando por una cadena de kil\u00f3metro cero que respeta tanto el sabor como el entorno. El resultado es una carta de arroces que va desde las cl\u00f3chinas valencianas hasta el esgarraet, pasando por arroces melosos, caldosos y la fideu\u00e0.<\/p>\n<p class=\"font-claude-response-body break-words whitespace-normal leading-[1.7]\">Nuestra terraza, con vistas directas a la Malvarrosa, es el lugar donde este plato cobra todo su sentido. Sol, brisa marina y una paella hecha con lo mejor de nuestra tierra: eso es lo que ofrecemos en el Paseo Mar\u00edtimo de Valencia.<\/p>\n<\/div><\/div>\n<\/div>\n<\/div>\n\n<div class=\"et_pb_row_6 et_pb_row et_flex_row\">\n<div class=\"et_pb_column_12 et_pb_column et_flex_column et_pb_css_mix_blend_mode_passthrough et_flex_column_3_5 et_flex_column_3_5_tablet et_flex_column_24_24_phone\">\n<div class=\"et_pb_heading_5 et_pb_heading et_pb_module et_flex_module\"><div class=\"et_pb_heading_container\"><h1 class=\"et_pb_module_header\">Una buena Paella en Valencia<\/h1><\/div><\/div>\n\n<div class=\"et_pb_text_5 et_pb_text et_pb_bg_layout_light et_pb_module et_flex_module\"><div class=\"et_pb_text_inner\"><p class=\"font-claude-response-body break-words whitespace-normal leading-[1.7]\">La paella no se improvisa. Es el resultado de a\u00f1os de pr\u00e1ctica, de entender el fuego, el arroz y, sobre todo, el producto. En El Bobo utilizamos ingredientes de proximidad, verduras de huerta valenciana, carnes y pescados de proveedores locales, porque creemos que una buena paella empieza mucho antes de encender el fuego.<\/p>\n<p class=\"font-claude-response-body break-words whitespace-normal leading-[1.7]\">Trabajamos con agricultores ecol\u00f3gicos de la Comunitat Valenciana que nos abastecen de temporada, apostando por una cadena de kil\u00f3metro cero que respeta tanto el sabor como el entorno. El resultado es una carta de arroces que va desde las cl\u00f3chinas valencianas hasta el esgarraet, pasando por arroces melosos, caldosos y la fideu\u00e0.<\/p>\n<p class=\"font-claude-response-body break-words whitespace-normal leading-[1.7]\">Nuestra terraza, con vistas directas a la Malvarrosa, es el lugar donde este plato cobra todo su sentido. Sol, brisa marina y una paella hecha con lo mejor de nuestra tierra: eso es lo que ofrecemos en el Paseo Mar\u00edtimo de Valencia.<\/p>\n<\/div><\/div>\n<\/div>\n\n<div class=\"et_pb_column_13 et_pb_column et-last-child et_flex_column et_pb_css_mix_blend_mode_passthrough et_flex_column_2_5 et_flex_column_2_5_tablet et_flex_column_24_24_phone\">\n<div class=\"et_pb_image_7 et_pb_image et_pb_module et_flex_module\"><span class=\"et_pb_image_wrap\"><img loading=\"lazy\" decoding=\"async\" src=\"https:\/\/restauranteelbobo.es\/wp-content\/uploads\/2026\/04\/PLAYA_PAELLA_VERDURAS-4-rotated.jpeg\" title=\"PLAYA_PAELLA_VERDURAS (4)\" width=\"480\" height=\"640\" srcset=\"https:\/\/restauranteelbobo.es\/wp-content\/uploads\/2026\/04\/PLAYA_PAELLA_VERDURAS-4-rotated.jpeg 480w, https:\/\/restauranteelbobo.es\/wp-content\/uploads\/2026\/04\/PLAYA_PAELLA_VERDURAS-4-225x300.jpeg 225w\" sizes=\"(max-width: 480px) 100vw, 480px\" class=\"wp-image-275\" \/><\/span><\/div>\n<\/div>\n<\/div>\n<\/div>\n\n<div class=\"et_pb_section_4 et_pb_section et_section_regular et_flex_section\">\n<div class=\"et_pb_row_7 et_pb_row et_flex_row\">\n<div class=\"et_pb_column_14 et_pb_column et-last-child et_flex_column et_pb_css_mix_blend_mode_passthrough et_flex_column_24_24 et_flex_column_24_24_tablet et_flex_column_24_24_phone\">\n<div class=\"et_pb_image_8 et_pb_image et_pb_module et_flex_module\"><span class=\"et_pb_image_wrap\"><img loading=\"lazy\" decoding=\"async\" src=\"https:\/\/restauranteelbobo.es\/wp-content\/uploads\/2026\/04\/diploma-restaurante.jpg\" title=\"diploma-restaurante\" width=\"1361\" height=\"947\" srcset=\"https:\/\/restauranteelbobo.es\/wp-content\/uploads\/2026\/04\/diploma-restaurante.jpg 1361w, https:\/\/restauranteelbobo.es\/wp-content\/uploads\/2026\/04\/diploma-restaurante-1280x891.jpg 1280w, https:\/\/restauranteelbobo.es\/wp-content\/uploads\/2026\/04\/diploma-restaurante-980x682.jpg 980w, https:\/\/restauranteelbobo.es\/wp-content\/uploads\/2026\/04\/diploma-restaurante-480x334.jpg 480w\" sizes=\"(min-width: 0px) and (max-width: 480px) 480px, (min-width: 481px) and (max-width: 980px) 980px, (min-width: 981px) and (max-width: 1280px) 1280px, (min-width: 1281px) 1361px, 100vw\" class=\"wp-image-438\" \/><\/span><\/div>\n<\/div>\n<\/div>\n<\/div>\n\n<div class=\"et_pb_section_5 et_pb_section et_section_regular et_flex_section\">\n<div class=\"et_pb_row_8 et_pb_row et_flex_row\">\n<div class=\"et_pb_column_15 et_pb_column et-last-child et_flex_column et_pb_css_mix_blend_mode_passthrough et_flex_column_24_24 et_flex_column_24_24_tablet et_flex_column_24_24_phone\">\n<div class=\"et_pb_text_6 et_pb_text et_pb_bg_layout_light et_pb_module et_flex_module\"><div class=\"et_pb_text_inner\"><p>Una experiencia<br \/>m\u00e1s all\u00e1 de la mesa.<\/p>\n<\/div><\/div>\n<\/div>\n<\/div>\n<\/div>\n\n<div class=\"et_pb_section_6 et_pb_section et_section_regular et_flex_section\">\n<div class=\"et_pb_row_9 et_pb_row et_flex_row\">\n<div class=\"et_pb_column_16 et_pb_column et_flex_column et_pb_css_mix_blend_mode_passthrough et_flex_column_8_24 et_flex_column_12_24_tablet et_flex_column_24_24_phone\">\n<div class=\"et_pb_image_9 et_pb_image et_pb_module et_flex_module\"><span class=\"et_pb_image_wrap\"><img loading=\"lazy\" decoding=\"async\" src=\"https:\/\/restauranteelbobo.es\/wp-content\/uploads\/2026\/04\/IMG_0091-scaled.jpg\" title=\"IMG_0091\" width=\"1920\" height=\"2560\" srcset=\"https:\/\/restauranteelbobo.es\/wp-content\/uploads\/2026\/04\/IMG_0091-scaled.jpg 1920w, https:\/\/restauranteelbobo.es\/wp-content\/uploads\/2026\/04\/IMG_0091-1280x1707.jpg 1280w, https:\/\/restauranteelbobo.es\/wp-content\/uploads\/2026\/04\/IMG_0091-980x1307.jpg 980w, https:\/\/restauranteelbobo.es\/wp-content\/uploads\/2026\/04\/IMG_0091-480x640.jpg 480w\" sizes=\"(min-width: 0px) and (max-width: 480px) 480px, (min-width: 481px) and (max-width: 980px) 980px, (min-width: 981px) and (max-width: 1280px) 1280px, (min-width: 1281px) 1920px, 100vw\" class=\"wp-image-457\" \/><\/span><\/div>\n\n<div class=\"et_pb_text_7 et_pb_text et_pb_bg_layout_light et_pb_module et_flex_module\"><div class=\"et_pb_text_inner\"><p>Los Comedores<\/p>\n<\/div><\/div>\n\n<div class=\"et_pb_text_8 et_pb_text et_pb_bg_layout_light et_pb_module et_flex_module et_flex_column_22_24 et_flex_column_22_24_tablet et_flex_column_22_24_phone\"><div class=\"et_pb_text_inner\"><p class=\"font-claude-response-body break-words whitespace-normal leading-[1.7]\">Nuestros dos comedores se asoman a la arena de la Malvarrosa. Espacios pensados para disfrutar sin prisas, con luz natural, materiales nobles y una atm\u00f3sfera que invita a quedarse. Tanto en el interior como en la terraza exterior, cada rinc\u00f3n est\u00e1 dise\u00f1ado para que la experiencia sea tan memorable como la cocina.<\/p>\n<p class=\"font-claude-response-body break-words whitespace-normal leading-[1.7]\">Con capacidad para 150 personas, El Bobo es el espacio ideal para celebraciones, comidas de empresa y reuniones familiares. Nos enorgullece ofrecer una atenci\u00f3n cercana y un servicio profesional, respaldados por una cocina que trabaja con producto local y ecol\u00f3gico de la Comunitat Valenciana, seleccionado directamente de agricultores y productores de confianza.<\/p>\n<\/div><\/div>\n<\/div>\n\n<div class=\"et_pb_column_17 et_pb_column et_flex_column et_pb_css_mix_blend_mode_passthrough et_flex_column_8_24 et_flex_column_12_24_tablet et_flex_column_24_24_phone\">\n<div class=\"et_pb_image_10 et_pb_image et_pb_module et_flex_module\"><span class=\"et_pb_image_wrap\"><img loading=\"lazy\" decoding=\"async\" src=\"https:\/\/restauranteelbobo.es\/wp-content\/uploads\/2026\/04\/RESTAURANTE-EL-BOBO.jpg\" title=\"RESTAURANTE EL BOBO\" width=\"1125\" height=\"1500\" srcset=\"https:\/\/restauranteelbobo.es\/wp-content\/uploads\/2026\/04\/RESTAURANTE-EL-BOBO.jpg 1125w, https:\/\/restauranteelbobo.es\/wp-content\/uploads\/2026\/04\/RESTAURANTE-EL-BOBO-980x1307.jpg 980w, https:\/\/restauranteelbobo.es\/wp-content\/uploads\/2026\/04\/RESTAURANTE-EL-BOBO-480x640.jpg 480w\" sizes=\"(min-width: 0px) and (max-width: 480px) 480px, (min-width: 481px) and (max-width: 980px) 980px, (min-width: 981px) 1125px, 100vw\" class=\"wp-image-450\" \/><\/span><\/div>\n\n<div class=\"et_pb_text_9 et_pb_text et_pb_bg_layout_light et_pb_module et_flex_module\"><div class=\"et_pb_text_inner\"><p>Nuestra Terraza<\/p>\n<\/div><\/div>\n\n<div class=\"et_pb_text_10 et_pb_text et_pb_bg_layout_light et_pb_module et_flex_module et_flex_column_22_24 et_flex_column_22_24_tablet et_flex_column_22_24_phone\"><div class=\"et_pb_text_inner\"><p class=\"font-claude-response-body break-words whitespace-normal leading-[1.7]\">La terraza de El Bobo es uno de los mejores lugares de Valencia para comer con el mar de frente. Integrada en el Paseo Mar\u00edtimo, es una extensi\u00f3n natural del restaurante donde el entorno forma parte del plato.<\/p>\n<p class=\"font-claude-response-body break-words whitespace-normal leading-[1.7]\">Abrimos todo el a\u00f1o. En invierno de 11:00 a 17:00 h, y en verano de 12:00 a 17:00 h y de 20:00 a 23:30 h. El espacio perfecto para degustar nuestros arroces y pescados de lonja mientras el sol cae sobre La Malvarrosa. Si quieres asegurarte tu mesa, puedes llamarnos al <a href=\"tel:(+34)%20663 264 171\">(+34) 663 264 171<\/a> o reservar directamente desde la web.<\/p>\n<\/div><\/div>\n<\/div>\n\n<div class=\"et_pb_column_18 et_pb_column et-last-child et_flex_column et_pb_css_mix_blend_mode_passthrough et_flex_column_8_24 et_flex_column_12_24_tablet et_flex_column_24_24_phone\">\n<div class=\"et_pb_image_11 et_pb_image et_pb_module et_flex_module\"><span class=\"et_pb_image_wrap\"><img loading=\"lazy\" decoding=\"async\" src=\"https:\/\/restauranteelbobo.es\/wp-content\/uploads\/2026\/04\/PLAYA_MALVARROSA-scaled.jpg\" title=\"PLAYA_MALVARROSA\" width=\"1707\" height=\"2560\" srcset=\"https:\/\/restauranteelbobo.es\/wp-content\/uploads\/2026\/04\/PLAYA_MALVARROSA-scaled.jpg 1707w, https:\/\/restauranteelbobo.es\/wp-content\/uploads\/2026\/04\/PLAYA_MALVARROSA-1280x1920.jpg 1280w, https:\/\/restauranteelbobo.es\/wp-content\/uploads\/2026\/04\/PLAYA_MALVARROSA-980x1470.jpg 980w, https:\/\/restauranteelbobo.es\/wp-content\/uploads\/2026\/04\/PLAYA_MALVARROSA-480x720.jpg 480w\" sizes=\"(min-width: 0px) and (max-width: 480px) 480px, (min-width: 481px) and (max-width: 980px) 980px, (min-width: 981px) and (max-width: 1280px) 1280px, (min-width: 1281px) 1707px, 100vw\" class=\"wp-image-448\" \/><\/span><\/div>\n\n<div class=\"et_pb_text_11 et_pb_text et_pb_bg_layout_light et_pb_module et_flex_module\"><div class=\"et_pb_text_inner\"><p>Playa de La Malvarrosa<\/p>\n<\/div><\/div>\n\n<div class=\"et_pb_text_12 et_pb_text et_pb_bg_layout_light et_pb_module et_flex_module et_flex_column_22_24 et_flex_column_22_24_tablet et_flex_column_22_24_phone\"><div class=\"et_pb_text_inner\"><p class=\"font-claude-response-body break-words whitespace-normal leading-[1.7]\">La Malvarrosa es la playa urbana de Valencia por excelencia. Arena fina, agua azul y un largo paseo mar\u00edtimo que conecta los barrios del Cabanyal y el Grau con el resto de la ciudad. Un lugar con historia: aqu\u00ed veranaron Sorolla y Blasco Ib\u00e1\u00f1ez, y aqu\u00ed sigue latiendo la identidad marinera de Valencia.<\/p>\n<p class=\"font-claude-response-body break-words whitespace-normal leading-[1.7]\">A pasos de nuestra terraza se extiende este mar que inspira nuestra cocina a diario. Porque los productos que llegan a nuestra cocina vienen de este entorno, la lonja, la huerta, el territorio, y volver al origen, literalmente, forma parte de lo que somos.<\/p>\n<\/div><\/div>\n<\/div>\n<\/div>\n<\/div>","protected":false},"excerpt":{"rendered":"","protected":false},"author":1,"featured_media":0,"parent":0,"menu_order":0,"comment_status":"closed","ping_status":"closed","template":"","meta":{"footnotes":""},"class_list":["post-36","page","type-page","status-publish","hentry"],"_links":{"self":[{"href":"https:\/\/restauranteelbobo.es\/en\/wp-json\/wp\/v2\/pages\/36","targetHints":{"allow":["GET"]}}],"collection":[{"href":"https:\/\/restauranteelbobo.es\/en\/wp-json\/wp\/v2\/pages"}],"about":[{"href":"https:\/\/restauranteelbobo.es\/en\/wp-json\/wp\/v2\/types\/page"}],"author":[{"embeddable":true,"href":"https:\/\/restauranteelbobo.es\/en\/wp-json\/wp\/v2\/users\/1"}],"replies":[{"embeddable":true,"href":"https:\/\/restauranteelbobo.es\/en\/wp-json\/wp\/v2\/comments?post=36"}],"version-history":[{"count":31,"href":"https:\/\/restauranteelbobo.es\/en\/wp-json\/wp\/v2\/pages\/36\/revisions"}],"predecessor-version":[{"id":503,"href":"https:\/\/restauranteelbobo.es\/en\/wp-json\/wp\/v2\/pages\/36\/revisions\/503"}],"wp:attachment":[{"href":"https:\/\/restauranteelbobo.es\/en\/wp-json\/wp\/v2\/media?parent=36"}],"curies":[{"name":"wp","href":"https:\/\/api.w.org\/{rel}","templated":true}]}}