{"id":159,"date":"2026-04-24T10:42:39","date_gmt":"2026-04-24T08:42:39","guid":{"rendered":"https:\/\/restauranteelbobo.es\/?page_id=159"},"modified":"2026-04-24T10:57:02","modified_gmt":"2026-04-24T08:57:02","slug":"aviso-legal","status":"publish","type":"page","link":"https:\/\/restauranteelbobo.es\/en\/aviso-legal\/","title":{"rendered":"Aviso Legal"},"content":{"rendered":"<div class=\"et_pb_section_0 et_pb_section et_section_regular et_flex_section\">\n<div class=\"et_pb_row_0 et_pb_row et_flex_row\">\n<div class=\"et_pb_column_0 et_pb_column et-last-child et_flex_column et_pb_css_mix_blend_mode_passthrough et_flex_column_24_24 et_flex_column_24_24_tablet et_flex_column_24_24_phone\">\n<div class=\"et_pb_heading_0 et_pb_heading et_pb_module et_flex_module\"><div class=\"et_pb_heading_container\"><h1 class=\"et_pb_module_header\">Aviso Legal<\/h1><\/div><\/div>\n\n<div class=\"et_pb_text_0 et_pb_text et_pb_bg_layout_light et_pb_module et_flex_module\"><div class=\"et_pb_text_inner\"><p class=\"font-claude-response-body break-words whitespace-normal leading-[1.7]\"><strong>1. AVISO LEGAL<\/strong><\/p>\n<p class=\"font-claude-response-body break-words whitespace-normal leading-[1.7]\">En cumplimiento del art\u00edculo 10 de la Ley 34\/2002, de 11 de julio, de Servicios de la Sociedad de la Informaci\u00f3n y Comercio Electr\u00f3nico (LSSICE), te informamos de los datos que identifican a la entidad titular de la web <a class=\"underline underline underline-offset-2 decoration-1 decoration-current\/40 hover:decoration-current focus:decoration-current\" href=\"http:\/\/www.restauranteelbobo.es\">www.restauranteelbobo.es<\/a><\/p>\n<p class=\"font-claude-response-body break-words whitespace-normal leading-[1.7]\">Nombre: Restaurante El Bobo<\/p>\n<p class=\"font-claude-response-body break-words whitespace-normal leading-[1.7]\">CIF: B-96104344<\/p>\n<p class=\"font-claude-response-body break-words whitespace-normal leading-[1.7]\">Direcci\u00f3n: Calle Jos\u00e9 Ballester Gozalvo, Paseo Mar\u00edtimo. Playa, 32 - 46011 Val\u00e8ncia, Valencia \u2013 Espa\u00f1a<\/p>\n<p class=\"font-claude-response-body break-words whitespace-normal leading-[1.7]\">Tel\u00e9fono: +34 963 550 212<\/p>\n<p class=\"font-claude-response-body break-words whitespace-normal leading-[1.7]\">Email: <a class=\"underline underline underline-offset-2 decoration-1 decoration-current\/40 hover:decoration-current focus:decoration-current\" href=\"mailto:restauranteelbobo@hotmail.com\">restauranteelbobo@hotmail.com<\/a><\/p>\n<p class=\"font-claude-response-body break-words whitespace-normal leading-[1.7]\"><strong><\/strong><\/p>\n<p class=\"font-claude-response-body break-words whitespace-normal leading-[1.7]\"><strong>2. ACEPTACI\u00d3N DE LAS CONDICIONES DE USO<\/strong><\/p>\n<p class=\"font-claude-response-body break-words whitespace-normal leading-[1.7]\">Las presentes condiciones de uso y Aviso legal, as\u00ed como la Pol\u00edtica de privacidad y la de cookies, rigen el acceso y uso de la web por tu parte, como usuario de la misma. El hecho de usar la web supone que has le\u00eddo y aceptas esta informaci\u00f3n legal.<\/p>\n<p class=\"font-claude-response-body break-words whitespace-normal leading-[1.7]\"><strong><\/strong><\/p>\n<p class=\"font-claude-response-body break-words whitespace-normal leading-[1.7]\"><strong>3. CONTENIDO DE LA WEB<\/strong><\/p>\n<p class=\"font-claude-response-body break-words whitespace-normal leading-[1.7]\">El sitio web alojado bajo el nombre de dominio <a class=\"underline underline underline-offset-2 decoration-1 decoration-current\/40 hover:decoration-current focus:decoration-current\" href=\"http:\/\/www.restauranteelbobo.es\">www.restauranteelbobo.es<\/a> constituye una web corporativa que ofrece informaci\u00f3n sobre los servicios que ofrece Restaurante El Bobo, consistentes en cocina mediterr\u00e1nea y gastronom\u00eda, propias de un restaurante.<\/p>\n<p class=\"font-claude-response-body break-words whitespace-normal leading-[1.7]\"><strong>4. USO DE LA WEB<\/strong><\/p>\n<p class=\"font-claude-response-body break-words whitespace-normal leading-[1.7]\">Como usuario te comprometes a hacer un uso correcto y legal del contenido y de los recursos accesibles desde esta web, respetando siempre a los dem\u00e1s usuarios.<\/p>\n<p class=\"font-claude-response-body break-words whitespace-normal leading-[1.7]\">Como usuario renuncias a utilizar cualquier recurso o informaci\u00f3n contenida en esta web con fines il\u00edcitos, ilegales o contrarios a la buena fe y al orden p\u00fablico, as\u00ed como cualquier medio que pueda da\u00f1ar, inutilizar o impedir el uso normal de los recursos e informaciones contenidos en la web.<\/p>\n<p class=\"font-claude-response-body break-words whitespace-normal leading-[1.7]\">Restaurante El Bobo se reserva el derecho de dejar de prestar el servicio o retirar los contenidos ilegales, sin que dicha suspensi\u00f3n o retirada d\u00e9 derecho a indemnizaci\u00f3n alguna.<\/p>\n<p class=\"font-claude-response-body break-words whitespace-normal leading-[1.7]\"><strong><\/strong><\/p>\n<p class=\"font-claude-response-body break-words whitespace-normal leading-[1.7]\"><strong>5. CONTENIDOS Y SERVICIOS ENLAZADOS A TRAV\u00c9S DE LA WEB<\/strong><\/p>\n<p class=\"font-claude-response-body break-words whitespace-normal leading-[1.7]\">Los enlaces que contiene esta web pueden conducirte a otras webs gestionadas por terceros, sobre las que no tenemos ninguna responsabilidad. Restaurante El Bobo no responde del estado ni de los contenidos de dichas webs, ni implica que los recomiende o apruebe. El acceso a dichas webs supone que debes someterte a sus propias pol\u00edticas legales.<\/p>\n<p class=\"font-claude-response-body break-words whitespace-normal leading-[1.7]\"><strong><\/strong><\/p>\n<p class=\"font-claude-response-body break-words whitespace-normal leading-[1.7]\"><strong>6. DERECHOS DE PROPIEDAD INTELECTUAL E INDUSTRIAL<\/strong><\/p>\n<p class=\"font-claude-response-body break-words whitespace-normal leading-[1.7]\">Todos los materiales e informaci\u00f3n de la web de Restaurante El Bobo est\u00e1n sometidos a la normativa vigente sobre Propiedad Intelectual y\/o Industrial. Restaurante El Bobo es titular de los derechos de propiedad industrial e intelectual de la web y de los contenidos que alberga.<\/p>\n<p class=\"font-claude-response-body break-words whitespace-normal leading-[1.7]\">No se permite el uso de los contenidos de la web sin la autorizaci\u00f3n expresa y por escrito de la entidad. Los elementos como logotipos o im\u00e1genes ajenos a Restaurante El Bobo pertenecen a sus respectivos propietarios.<\/p>\n<p class=\"font-claude-response-body break-words whitespace-normal leading-[1.7]\"><strong><\/strong><\/p>\n<p class=\"font-claude-response-body break-words whitespace-normal leading-[1.7]\"><strong>7. EXONERACI\u00d3N DE RESPONSABILIDAD<\/strong><\/p>\n<p class=\"font-claude-response-body break-words whitespace-normal leading-[1.7]\">Restaurante El Bobo no puede garantizar la ausencia de virus u otros elementos lesivos introducidos por terceros que pudieran causar da\u00f1os cuando visitas la web.<\/p>\n<p class=\"font-claude-response-body break-words whitespace-normal leading-[1.7]\">Restaurante El Bobo no se hace responsable de:<\/p>\n<p class=\"font-claude-response-body break-words whitespace-pre-wrap leading-[1.7]\">Los da\u00f1os derivados del mal uso de esta web o de sus contenidos. Los errores u omisiones que pudieran aparecer en los contenidos de la web. Las p\u00e9rdidas o da\u00f1os causados en el software y equipos inform\u00e1ticos de los usuarios por fallos o desconexiones en las redes de telecomunicaciones.<\/p>\n<p class=\"font-claude-response-body break-words whitespace-normal leading-[1.7]\">Corresponde al usuario disponer de las herramientas adecuadas para la detecci\u00f3n y desinfecci\u00f3n de programas inform\u00e1ticos da\u00f1inos.<\/p>\n<p class=\"font-claude-response-body break-words whitespace-normal leading-[1.7]\"><strong><\/strong><\/p>\n<p class=\"font-claude-response-body break-words whitespace-normal leading-[1.7]\"><strong>8. ACTUALIZACI\u00d3N DE ESTAS CONDICIONES<\/strong><\/p>\n<p class=\"font-claude-response-body break-words whitespace-normal leading-[1.7]\">Restaurante El Bobo podr\u00e1 modificar estas condiciones de uso en cualquier momento. Los nuevos efectos se pondr\u00e1n en marcha una vez publicados en la web.<\/p>\n<p class=\"font-claude-response-body break-words whitespace-normal leading-[1.7]\"><strong><\/strong><\/p>\n<p class=\"font-claude-response-body break-words whitespace-normal leading-[1.7]\"><strong>9. LEGISLACI\u00d3N Y JURISDICCI\u00d3N APLICABLE<\/strong><\/p>\n<p class=\"font-claude-response-body break-words whitespace-normal leading-[1.7]\">Estas condiciones de uso se regir\u00e1n e interpretar\u00e1n conforme a la legislaci\u00f3n espa\u00f1ola. Cualquier disputa relacionada con la web de Restaurante El Bobo se tramitar\u00e1 ante la jurisdicci\u00f3n espa\u00f1ola.<\/p>\n<\/div><\/div>\n<\/div>\n<\/div>\n<\/div>","protected":false},"excerpt":{"rendered":"","protected":false},"author":1,"featured_media":0,"parent":0,"menu_order":0,"comment_status":"closed","ping_status":"closed","template":"","meta":{"footnotes":""},"class_list":["post-159","page","type-page","status-publish","hentry"],"_links":{"self":[{"href":"https:\/\/restauranteelbobo.es\/en\/wp-json\/wp\/v2\/pages\/159","targetHints":{"allow":["GET"]}}],"collection":[{"href":"https:\/\/restauranteelbobo.es\/en\/wp-json\/wp\/v2\/pages"}],"about":[{"href":"https:\/\/restauranteelbobo.es\/en\/wp-json\/wp\/v2\/types\/page"}],"author":[{"embeddable":true,"href":"https:\/\/restauranteelbobo.es\/en\/wp-json\/wp\/v2\/users\/1"}],"replies":[{"embeddable":true,"href":"https:\/\/restauranteelbobo.es\/en\/wp-json\/wp\/v2\/comments?post=159"}],"version-history":[{"count":5,"href":"https:\/\/restauranteelbobo.es\/en\/wp-json\/wp\/v2\/pages\/159\/revisions"}],"predecessor-version":[{"id":523,"href":"https:\/\/restauranteelbobo.es\/en\/wp-json\/wp\/v2\/pages\/159\/revisions\/523"}],"wp:attachment":[{"href":"https:\/\/restauranteelbobo.es\/en\/wp-json\/wp\/v2\/media?parent=159"}],"curies":[{"name":"wp","href":"https:\/\/api.w.org\/{rel}","templated":true}]}}